{"id":2862,"date":"2023-05-30T16:28:33","date_gmt":"2023-05-30T14:28:33","guid":{"rendered":"https:\/\/sistaconsult.com\/?page_id=2862"},"modified":"2023-10-17T16:53:55","modified_gmt":"2023-10-17T14:53:55","slug":"sista-le-partenaire-du-afro-barometer","status":"publish","type":"page","link":"https:\/\/sistaconsult.com\/?page_id=2862","title":{"rendered":"SISTA est le partenaire national d&rsquo;Afrobarometer"},"content":{"rendered":"<div class=\"fusion-fullwidth fullwidth-box fusion-builder-row-1 fusion-flex-container nonhundred-percent-fullwidth non-hundred-percent-height-scrolling\" style=\"background-color: rgba(255,255,255,0);background-position: center center;background-repeat: no-repeat;border-width: 0px 0px 0px 0px;border-color:var(--awb-color2);border-style:solid;\" ><div class=\"fusion-builder-row fusion-row fusion-flex-align-items-flex-start\" style=\"max-width:1227.2px;margin-left: calc(-4% \/ 2 );margin-right: calc(-4% \/ 2 );\"><div class=\"fusion-layout-column fusion_builder_column fusion-builder-column-0 fusion_builder_column_1_2 1_2 fusion-flex-column\"><div class=\"fusion-column-wrapper fusion-flex-justify-content-flex-start fusion-content-layout-column\" style=\"background-position:left top;background-repeat:no-repeat;-webkit-background-size:cover;-moz-background-size:cover;-o-background-size:cover;background-size:cover;padding: 0px 0px 0px 0px;\"><div class=\"fusion-text fusion-text-1\" style=\"text-align:justify;\"><p>Le bureau d&rsquo;\u00e9tude leader en Mauritanie, est fier d&rsquo;annoncer son partenariat national avec Afrobarometer, une organisation de recherche panafricaine renomm\u00e9e, sp\u00e9cialis\u00e9e dans l&rsquo;\u00e9tude de l&rsquo;opinion publique et des attitudes des citoyens. Ce partenariat strat\u00e9gique vise \u00e0 renforcer la compr\u00e9hension des dynamiques sociales et politiques en Mauritanie en collectant et en analysant des donn\u00e9es de grande qualit\u00e9.<\/p>\n<p>En tant que partenaire national d&rsquo;Afrobarometer, SISTA jouera un r\u00f4le essentiel dans la r\u00e9alisation des enqu\u00eates sur l&rsquo;opinion publique en Mauritanie. Afrobarometer est une initiative de recherche ind\u00e9pendante qui m\u00e8ne des enqu\u00eates approfondies dans plus de 40 pays africains, en mettant l&rsquo;accent sur les pr\u00e9occupations des citoyens et leurs opinions sur une vari\u00e9t\u00e9 de questions allant de la gouvernance et de la d\u00e9mocratie \u00e0 l&rsquo;\u00e9conomie et au d\u00e9veloppement.<\/p>\n<p>SISTA est r\u00e9put\u00e9 pour son expertise en mati\u00e8re de recherche sociale et d&rsquo;\u00e9valuation des politiques publiques en Mauritanie. Le partenariat avec Afrobarometer renforce la position de SISTA en tant qu&rsquo;acteur cl\u00e9 dans la collecte de donn\u00e9es et l&rsquo;analyse des tendances de l&rsquo;opinion publique mauritanienne. Gr\u00e2ce \u00e0 ce partenariat, SISTA et Afrobarometer pourront fournir aux d\u00e9cideurs politiques, aux chercheurs, aux m\u00e9dias et au grand public des informations pr\u00e9cieuses et factuelles sur les attitudes et les perceptions des Mauritaniens.<\/p>\n<p>Les enqu\u00eates d&rsquo;Afrobarometer sont bas\u00e9es sur une m\u00e9thodologie rigoureuse, garantissant la fiabilit\u00e9 et la validit\u00e9 des donn\u00e9es recueillies. Les r\u00e9sultats des enqu\u00eates permettront de mieux comprendre les pr\u00e9occupations et les priorit\u00e9s des citoyens mauritaniens, ainsi que d&rsquo;identifier les tendances et les changements dans l&rsquo;opinion publique au fil du temps. Ces informations seront essentielles pour orienter les politiques publiques, renforcer la participation citoyenne et promouvoir une gouvernance d\u00e9mocratique et inclusive en Mauritanie.<\/p>\n<p>SISTA et Afrobarometer sont impatients de travailler en \u00e9troite collaboration pour promouvoir la recherche sur l&rsquo;opinion publique en Mauritanie. Ce partenariat permettra de renforcer davantage la voix des citoyens mauritaniens dans les processus de prise de d\u00e9cision et de favoriser un dialogue inform\u00e9 entre les acteurs politiques, la soci\u00e9t\u00e9 civile et le grand public.<\/p>\n<\/div><\/div><style type=\"text\/css\">.fusion-body .fusion-builder-column-0{width:50% !important;margin-top : 15px;margin-bottom : 15px;}.fusion-builder-column-0 > .fusion-column-wrapper {padding-top : 0px !important;padding-right : 0px !important;margin-right : 3.84%;padding-bottom : 0px !important;padding-left : 0px !important;margin-left : 3.84%;}@media only screen and (max-width:1000px) {.fusion-body .fusion-builder-column-0{width:100% !important;order : 0;}.fusion-builder-column-0 > .fusion-column-wrapper {margin-right : 1.92%;margin-left : 1.92%;}}@media only screen and (max-width:640px) {.fusion-body .fusion-builder-column-0{width:100% !important;order : 0;}.fusion-builder-column-0 > .fusion-column-wrapper {margin-right : 1.92%;margin-left : 1.92%;}}<\/style><\/div><div class=\"fusion-layout-column fusion_builder_column fusion-builder-column-1 fusion_builder_column_1_2 1_2 fusion-flex-column fusion-animated\" data-animationType=\"fadeInUp\" data-animationDuration=\"1.3\" data-animationOffset=\"top-into-view\"><div class=\"fusion-column-wrapper fusion-flex-justify-content-center fusion-content-layout-column\" style=\"background-position:left top;background-repeat:no-repeat;-webkit-background-size:cover;-moz-background-size:cover;-o-background-size:cover;background-size:cover;border-radius:9px 9px 9px 9px;background-color:var(--awb-color2);border-radius:9px 9px 9px 9px;overflow:hidden;padding: 50px 50px 50px 50px;\"><div style=\"text-align:center;\"><style>.fusion-imageframe.imageframe-1{ margin-bottom : 30px;margin-left : 20px;}<\/style><span class=\" fusion-imageframe imageframe-none imageframe-1 hover-type-none\"><img decoding=\"async\" width=\"300\" height=\"147\" title=\"download-removebg-preview\" src=\"https:\/\/sistaconsult.com\/wp-content\/uploads\/2023\/06\/download-removebg-preview.png\" data-orig-src=\"https:\/\/sistaconsult.com\/wp-content\/uploads\/2023\/06\/download-removebg-preview-300x147.png\" alt class=\"lazyload img-responsive wp-image-2875\" srcset=\"data:image\/svg+xml,%3Csvg%20xmlns%3D%27http%3A%2F%2Fwww.w3.org%2F2000%2Fsvg%27%20width%3D%27320%27%20height%3D%27157%27%20viewBox%3D%270%200%20320%20157%27%3E%3Crect%20width%3D%27320%27%20height%3D%27157%27%20fill-opacity%3D%220%22%2F%3E%3C%2Fsvg%3E\" data-srcset=\"https:\/\/sistaconsult.com\/wp-content\/uploads\/2023\/06\/download-removebg-preview-200x98.png 200w, https:\/\/sistaconsult.com\/wp-content\/uploads\/2023\/06\/download-removebg-preview.png 320w\" data-sizes=\"auto\" data-orig-sizes=\"(max-width: 1000px) 100vw, (max-width: 640px) 100vw, 300px\" \/><\/span><\/div><style type=\"text\/css\">@media only screen and (max-width:1000px) {.fusion-title.fusion-title-1{margin-top:0px!important; margin-right:0px!important;margin-bottom:0px!important;margin-left:-10px!important;}}@media only screen and (max-width:640px) {.fusion-title.fusion-title-1{margin-top:10px!important; margin-right:0px!important;margin-bottom:10px!important; margin-left:0px!important;}}<\/style><div class=\"fusion-title title fusion-title-1 fusion-title-center fusion-title-text fusion-title-size-four\" style=\"font-size:38px;margin-top:0px;margin-right:0px;margin-bottom:0px;margin-left:-10px;\"><div class=\"title-sep-container title-sep-container-left\"><div class=\"title-sep sep-\" style=\"border-color:var(--awb-color6);\"><\/div><\/div><span class=\"awb-title-spacer\"><\/span><h4 class=\"title-heading-center fusion-responsive-typography-calculated\" style=\"font-family:var(--awb-typography1-font-family);font-weight:var(--awb-typography1-font-weight);font-style:var(--awb-typography1-font-style);margin:0;font-size:1em;letter-spacing:-1px;text-transform:var(--awb-typography1-text-transform);color:var(--awb-color7);--fontSize:38;line-height:var(--awb-typography1-line-height);\">SISTA est le partenaire national  d&rsquo;Afrobarometer en Mauritanie<\/h4><span class=\"awb-title-spacer\"><\/span><div class=\"title-sep-container title-sep-container-right\"><div class=\"title-sep sep-\" style=\"border-color:var(--awb-color6);\"><\/div><\/div><\/div><div style=\"text-align:center;\"><style>.fusion-button.button-1 .fusion-button-text{color:var(--awb-color1);text-transform:var(--awb-typography3-text-transform);}.fusion-button.button-1{border-color:var(--awb-color1);border-width:0px 0px 0px 0px;border-radius:0px 0px 0px 0px;background:#91701d;background-image:linear-gradient(142deg,#91701d 4%,#e55f12 100%);font-size:var(--awb-typography3-font-size);line-height:var(--awb-typography3-line-height);padding-top:18px;padding-right:24px;padding-bottom:18px;padding-left:24px;letter-spacing:var(--awb-typography3-letter-spacing);font-family:var(--awb-typography3-font-family);font-weight:var(--awb-typography3-font-weight);font-style:var(--awb-typography3-font-style);}.fusion-button.button-1 i,.fusion-button.button-1:hover .fusion-button-text,.fusion-button.button-1:hover i,.fusion-button.button-1:focus .fusion-button-text,.fusion-button.button-1:focus i,.fusion-button.button-1:active .fusion-button-text,.fusion-button.button-1:active i{color:var(--awb-color1);}.fusion-button.button-1:hover,.fusion-button.button-1:active,.fusion-button.button-1:focus{border-color:var(--awb-color1);border-width:0px 0px 0px 0px;background:#447589;background-image:linear-gradient(142deg,#447589 4%,#ff3a3a 100%);}<\/style><a class=\"fusion-button button-flat fusion-button-default-size button-custom button-1 fusion-button-span-yes \" target=\"_self\" href=\"https:\/\/www.afrobarometer.org\/\" style=\"margin-top:10px;\"><i class=\"fa-info-circle fas button-icon-left\" aria-hidden=\"true\"><\/i><span class=\"fusion-button-text\">\u00e0 propos Afrobarometer<\/span><\/a><\/div><style type=\"text\/css\">@media only screen and (max-width:1000px) {.fusion-title.fusion-title-2{margin-top:15px!important; margin-right:0px!important;margin-bottom:15px!important;margin-left:0px!important;}}@media only screen and (max-width:640px) {.fusion-title.fusion-title-2{margin-top:0px!important; margin-right:0px!important;margin-bottom:20px!important; margin-left:0px!important;}}<\/style><div class=\"fusion-title title fusion-title-2 fusion-title-center fusion-title-text fusion-title-size-one\" style=\"margin-top:15px;margin-right:0px;margin-bottom:15px;margin-left:0px;\"><div class=\"title-sep-container title-sep-container-left\"><div class=\"title-sep sep-\" style=\"border-color:var(--awb-color6);\"><\/div><\/div><span class=\"awb-title-spacer\"><\/span><h1 class=\"title-heading-center fusion-responsive-typography-calculated\" style=\"margin:0;--fontSize:68;line-height:var(--awb-typography1-line-height);\"><h3>Publication des r\u00e9sultats de l&rsquo;enqu\u00eate R9 d&rsquo;AFROBAROMETER\u00a0<\/h3><\/h1><span class=\"awb-title-spacer\"><\/span><div class=\"title-sep-container title-sep-container-right\"><div class=\"title-sep sep-\" style=\"border-color:var(--awb-color6);\"><\/div><\/div><\/div><div class=\"fusion-text fusion-text-2\" style=\"font-size:14px;\"><ul>\n<li><span style=\"color: #3986e5;\"><a style=\"color: #3986e5;\" href=\"https:\/\/sistaconsult.com\/?p=3090\">Communiqu\u00e9 de presse 1<\/a><\/span> <span style=\"color: #9fa0ab;\"><span style=\"color: #2d383d;\">\u00ab\u00a0L\u2019usage de la force physique pour discipliner les enfants est encore fortement ancr\u00e9 dans l\u2019opinion des Mauritaniens\u00a0\u00bb<\/span><\/span><\/li>\n<li><span style=\"color: #3986e5;\"><a style=\"color: #3986e5;\" href=\"https:\/\/sistaconsult.com\/?p=3086\">Communiqu\u00e9 de <span style=\"color: rgb(57, 134, 229);\">presse<\/span> 2<\/a><\/span> <span style=\"color: #9fa0ab;\"><span style=\"color: #2d383d;\">\u00ab\u00a0En Mauritanie, les citoyens jouissent de la libert\u00e9 d\u2019expression sauf en politique\u00a0\u00bb<\/span><\/span><\/li>\n<li>\n<p><span style=\"color: #3986e5;\"><a style=\"color: #3986e5;\" href=\"https:\/\/sistaconsult.com\/?p=3073\">Communiqu\u00e9 de presse 3<\/a><\/span> <span style=\"color: #9fa0ab;\"><span style=\"color: #2d383d;\">\u00ab\u00a0L\u2019acc\u00e8s aux services \u00e9ducatifs publics et \u00e0 l\u2019assistance de la police est facile, selon les Mauritaniens\u00a0\u00bb<\/span><\/span><\/p>\n<\/li>\n<li>\n<p><span style=\"background-color: var(--awb-color2); font-family: var(--body_typography-font-family); font-style: var(--body_typography-font-style,normal); font-weight: var(--body_typography-font-weight); letter-spacing: var(--body_typography-letter-spacing); color: var(--awb-color7);\"><a href=\"https:\/\/sistaconsult.com\/?p=3008\"><span style=\"color: #3986e5;\"><span style=\"color: rgb(57, 134, 229);\">Communiqu\u00e9<\/span> de <\/span><span style=\"color: #3986e5;\">presse<\/span><span style=\"color: #3986e5;\"> 4<\/span><\/a> \u00ab\u00a0<\/span><span style=\"background-color: var(--awb-color2); color: var(--awb-color7); font-family: var(--body_typography-font-family); font-style: var(--body_typography-font-style,normal); font-weight: var(--body_typography-font-weight); letter-spacing: var(--body_typography-letter-spacing);\"><span style=\"color: var(--awb-color7);\">Les<\/span> Mauritaniens sont peu inform\u00e9s des changements climatiques<\/span><span style=\"background-color: var(--awb-color2); color: var(--awb-color7); font-family: var(--body_typography-font-family); font-style: var(--body_typography-font-style,normal); font-weight: var(--body_typography-font-weight); letter-spacing: var(--body_typography-letter-spacing);\">\u00ab\u00a0<\/span><\/p>\n<\/li>\n<li>\n<p><span style=\"background-color: var(--awb-color2); color: var(--awb-color7); font-family: var(--body_typography-font-family); font-style: var(--body_typography-font-style,normal); font-weight: var(--body_typography-font-weight); letter-spacing: var(--body_typography-letter-spacing);\"><span style=\"color: #3986e5;\"><a style=\"color: #3986e5;\" href=\"https:\/\/sistaconsult.com\/?p=3064\"><span style=\"color: rgb(57, 134, 229);\">Communiqu\u00e9<\/span> de <span style=\"color: rgb(57, 134, 229);\">presse<\/span> 5<\/a> <\/span>\u00ab\u00a0L\u2019acc\u00e8s \u00e0 l\u2019\u00e9ducation reste le probl\u00e8me majeur d\u2019\u00e9galit\u00e9 des genres, selon les Mauritaniens\u00a0\u00bb<br \/><\/span><\/p>\n<\/li>\n<\/ul>\n<\/div><style type=\"text\/css\">@media only screen and (max-width:1000px) {.fusion-title.fusion-title-3{margin-top:15px!important; margin-right:0px!important;margin-bottom:15px!important;margin-left:0px!important;}}@media only screen and (max-width:640px) {.fusion-title.fusion-title-3{margin-top:0px!important; margin-right:0px!important;margin-bottom:20px!important; margin-left:0px!important;}}<\/style><div class=\"fusion-title title fusion-title-3 fusion-title-text fusion-title-size-three\" style=\"margin-top:15px;margin-right:0px;margin-bottom:15px;margin-left:0px;\"><div class=\"title-sep-container title-sep-container-left fusion-no-large-visibility fusion-no-medium-visibility fusion-no-small-visibility\"><div class=\"title-sep sep-\" style=\"border-color:var(--awb-color6);\"><\/div><\/div><span class=\"awb-title-spacer fusion-no-large-visibility fusion-no-medium-visibility fusion-no-small-visibility\"><\/span><h3 class=\"title-heading-left fusion-responsive-typography-calculated\" style=\"margin:0;--fontSize:26;line-height:var(--awb-typography1-line-height);\">Derni\u00e8res Actualit\u00e9s<\/h3><span class=\"awb-title-spacer\"><\/span><div class=\"title-sep-container title-sep-container-right\"><div class=\"title-sep sep-\" style=\"border-color:var(--awb-color6);\"><\/div><\/div><\/div><div class=\"fusion-text fusion-text-3\"><p style=\"color: #0c0a0b; font-size: 13px;\" data-fusion-font=\"true\"><a style=\"color: #3986e5;\" href=\"https:\/\/sistaconsult.com\/?p=3093\">Deuxi\u00e8me atelier de pr\u00e9sentation des r\u00e9sultats de l\u2019enqu\u00eate Afrobarometer round 9<\/a><\/p>\n<p style=\"font-size: 13px;\" data-fusion-font=\"true\"><a href=\"https:\/\/sistaconsult.com\/?p=2906\"><span style=\"color: #3986e5;\"><span style=\"color: rgb(57, 134, 229);\">Atelier<\/span> de pr\u00e9sentation des r\u00e9sultats de l\u2019enqu\u00eate Afrobarometer <\/span><u><span style=\"color: #3986e5;\">Round<\/span><\/u><span style=\"color: #3986e5;\"> 9<\/span><\/a><\/p>\n<p style=\"font-size: 13px;\" data-fusion-font=\"true\"><a href=\"https:\/\/sistaconsult.com\/?p=2844\" style=\"color: rgb(57, 134, 229);\">La r\u00e9union de planification de round 10 de l\u2019Afrabarometer \u00e0 Accra<\/a><\/p>\n<\/div><\/div><style type=\"text\/css\">.fusion-body .fusion-builder-column-1{width:50% !important;margin-top : 40px;margin-bottom : 40px;}.fusion-builder-column-1 > .fusion-column-wrapper {padding-top : 50px !important;padding-right : 50px !important;margin-right : 3.84%;padding-bottom : 50px !important;padding-left : 50px !important;margin-left : 3.84%;}@media only screen and (max-width:1000px) {.fusion-body .fusion-builder-column-1{width:50% !important;order : 2;}.fusion-builder-column-1 > .fusion-column-wrapper {padding-top : 40px !important;padding-right : 40px !important;margin-right : 3.84%;padding-bottom : 40px !important;padding-left : 40px !important;margin-left : 3.84%;}}@media only screen and (max-width:640px) {.fusion-body .fusion-builder-column-1{width:100% !important;order : 1;margin-bottom : 40px;}.fusion-builder-column-1 > .fusion-column-wrapper {margin-right : 1.92%;margin-left : 1.92%;}}<\/style><\/div><\/div><style type=\"text\/css\">.fusion-body .fusion-flex-container.fusion-builder-row-1{ padding-top : 0px;margin-top : 0px;padding-right : 0px;padding-bottom : 0px;margin-bottom : 0px;padding-left : 0px;}<\/style><\/div>\n","protected":false},"excerpt":{"rendered":"","protected":false},"author":3,"featured_media":0,"parent":0,"menu_order":0,"comment_status":"closed","ping_status":"closed","template":"","meta":{"om_disable_all_campaigns":false,"_themeisle_gutenberg_block_has_review":false,"footnotes":""},"class_list":["post-2862","page","type-page","status-publish","hentry"],"_links":{"self":[{"href":"https:\/\/sistaconsult.com\/index.php?rest_route=\/wp\/v2\/pages\/2862","targetHints":{"allow":["GET"]}}],"collection":[{"href":"https:\/\/sistaconsult.com\/index.php?rest_route=\/wp\/v2\/pages"}],"about":[{"href":"https:\/\/sistaconsult.com\/index.php?rest_route=\/wp\/v2\/types\/page"}],"author":[{"embeddable":true,"href":"https:\/\/sistaconsult.com\/index.php?rest_route=\/wp\/v2\/users\/3"}],"replies":[{"embeddable":true,"href":"https:\/\/sistaconsult.com\/index.php?rest_route=%2Fwp%2Fv2%2Fcomments&post=2862"}],"version-history":[{"count":52,"href":"https:\/\/sistaconsult.com\/index.php?rest_route=\/wp\/v2\/pages\/2862\/revisions"}],"predecessor-version":[{"id":3147,"href":"https:\/\/sistaconsult.com\/index.php?rest_route=\/wp\/v2\/pages\/2862\/revisions\/3147"}],"wp:attachment":[{"href":"https:\/\/sistaconsult.com\/index.php?rest_route=%2Fwp%2Fv2%2Fmedia&parent=2862"}],"curies":[{"name":"wp","href":"https:\/\/api.w.org\/{rel}","templated":true}]}}