{"id":16,"date":"2017-11-15T09:43:23","date_gmt":"2017-11-15T08:43:23","guid":{"rendered":"http:\/\/sistaconsult.com\/?page_id=16"},"modified":"2025-04-08T22:43:32","modified_gmt":"2025-04-08T20:43:32","slug":"presentation","status":"publish","type":"page","link":"https:\/\/sistaconsult.com\/?page_id=16","title":{"rendered":"Pr\u00e9sentation"},"content":{"rendered":"<p><div class=\"fusion-fullwidth fullwidth-box fusion-builder-row-1 fusion-flex-container fusion-parallax-none nonhundred-percent-fullwidth non-hundred-percent-height-scrolling lazyload\" style=\"background-color: var(--awb-color2);background-position: center center;background-repeat: no-repeat;border-width: 0px 0px 0px 0px;border-color:var(--awb-color2);border-style:solid;-webkit-background-size:cover;-moz-background-size:cover;-o-background-size:cover;background-size:cover;\" data-bg=\"https:\/\/sistaconsult.com\/wp-content\/uploads\/2018\/02\/bg2.jpg\" ><div class=\"fusion-builder-row fusion-row fusion-flex-align-items-flex-start fusion-flex-justify-content-center\" style=\"max-width:calc( 1180px + 0px );margin-left: calc(-0px \/ 2 );margin-right: calc(-0px \/ 2 );\"><div class=\"fusion-layout-column fusion_builder_column fusion-builder-column-0 fusion_builder_column_2_3 2_3 fusion-flex-column fusion-animated\" data-animationType=\"zoomIn\" data-animationDuration=\"0.9\" data-animationOffset=\"top-into-view\"><div class=\"fusion-column-wrapper fusion-flex-justify-content-flex-start fusion-content-layout-column\" style=\"background-position:left top;background-blend-mode: overlay;background-repeat:no-repeat;-webkit-background-size:cover;-moz-background-size:cover;-o-background-size:cover;background-size:cover;padding: 0px 0px 0px 0px;\"><style type=\"text\/css\">@media only screen and (max-width:1000px) {.fusion-title.fusion-title-1{margin-top:15px!important; margin-right:0px!important;margin-bottom:15px!important;margin-left:0px!important;}}@media only screen and (max-width:640px) {.fusion-title.fusion-title-1{margin-top:0px!important; margin-right:0px!important;margin-bottom:20px!important; margin-left:0px!important;}}<\/style><div class=\"fusion-title title fusion-title-1 fusion-sep-none fusion-title-center fusion-title-text fusion-title-size-one\" style=\"margin-top:15px;margin-right:0px;margin-bottom:15px;margin-left:0px;\"><h1 class=\"title-heading-center fusion-responsive-typography-calculated\" style=\"margin:0;--fontSize:68;line-height:var(--awb-typography1-line-height);\"><span style=\"color: var(--awb-color7);\">SISTA<\/span><\/h1><\/div><div class=\"fusion-separator\" style=\"align-self: center;margin-left: auto;margin-right: auto;margin-top:16px;margin-bottom:36px;width:100%;max-width:24%;\"><div class=\"fusion-separator-border sep-single\" style=\"border-color:var(--awb-color6);border-top-width:2px;\"><\/div><\/div><div class=\"fusion-text fusion-text-1\" style=\"color:#000000;\"><h3 style=\"text-align: center;\">Statistiques &amp; Syst\u00e8mes d\u2019information<\/h3>\n<p style=\"text-align: center;\">Cr\u00e9e en 2010 par des cadres Mauritaniens dot\u00e9s de dipl\u00f4mes sup\u00e9rieurs et d\u2019une exp\u00e9rience av\u00e9r\u00e9e, le bureau d\u2019\u00e9tudes SISTA a pour ambition de contribuer \u00e0 la diversification de l\u2019offre en mati\u00e8re d\u2019information, d\u2019analyses statistiques et de suivi-\u00e9valuation<\/p>\n<\/div><\/div><style type=\"text\/css\">.fusion-body .fusion-builder-column-0{width:66.666666666667% !important;margin-top : 85px;margin-bottom : 60px;}.fusion-builder-column-0 > .fusion-column-wrapper {padding-top : 0px !important;padding-right : 0px !important;margin-right : 0px;padding-bottom : 0px !important;padding-left : 0px !important;margin-left : 0px;}@media only screen and (max-width:1000px) {.fusion-body .fusion-builder-column-0{width:100% !important;}.fusion-builder-column-0 > .fusion-column-wrapper {margin-right : 0px;margin-left : 0px;}}@media only screen and (max-width:640px) {.fusion-body .fusion-builder-column-0{width:100% !important;}.fusion-builder-column-0 > .fusion-column-wrapper {margin-right : 0px;margin-left : 0px;}}<\/style><\/div><\/div><style type=\"text\/css\">.fusion-body .fusion-flex-container.fusion-builder-row-1{ padding-top : 45px;margin-top : 0px;padding-right : 0px;padding-bottom : 0px;margin-bottom : 0px;padding-left : 0px;}<\/style><\/div><div class=\"fusion-fullwidth fullwidth-box fusion-builder-row-2 fusion-flex-container fusion-parallax-none nonhundred-percent-fullwidth non-hundred-percent-height-scrolling lazyload\" style=\"background-color: var(--awb-color7);background-position: center center;background-repeat: no-repeat;border-width: 0px 0px 0px 0px;border-color:var(--awb-color2);border-style:solid;-webkit-background-size:cover;-moz-background-size:cover;-o-background-size:cover;background-size:cover;\" data-bg=\"https:\/\/sistaconsult.com\/wp-content\/uploads\/2018\/02\/about_dark.jpg\" ><div class=\"fusion-builder-row fusion-row fusion-flex-align-items-stretch\" style=\"max-width:1227.2px;margin-left: calc(-4% \/ 2 );margin-right: calc(-4% \/ 2 );\"><div class=\"fusion-layout-column fusion_builder_column fusion-builder-column-1 fusion_builder_column_1_1 1_1 fusion-flex-column fusion-animated\" data-animationType=\"zoomIn\" data-animationDuration=\"0.9\" data-animationOffset=\"top-into-view\"><div class=\"fusion-column-wrapper fusion-flex-justify-content-flex-start fusion-content-layout-column\" style=\"background-position:left top;background-blend-mode: overlay;background-repeat:no-repeat;-webkit-background-size:cover;-moz-background-size:cover;-o-background-size:cover;background-size:cover;padding: 0px 0px 0px 0px;\"><style type=\"text\/css\">@media only screen and (max-width:1000px) {.fusion-title.fusion-title-2{margin-top:0px!important; margin-right:0px!important;margin-bottom:15px!important;margin-left:0px!important;}}@media only screen and (max-width:640px) {.fusion-title.fusion-title-2{margin-top:0px!important; margin-right:0px!important;margin-bottom:20px!important; margin-left:0px!important;}}<\/style><div class=\"fusion-title title fusion-title-2 fusion-sep-none fusion-title-center fusion-title-text fusion-title-size-two\" style=\"margin-top:0px;margin-right:0px;margin-bottom:15px;margin-left:0px;\"><h2 class=\"title-heading-center fusion-responsive-typography-calculated\" style=\"margin:0;color:var(--awb-color1);--fontSize:44;line-height:var(--awb-typography1-line-height);\">15 ANS D&rsquo;EXP\u00c9RIENCE<\/h2><\/div><div class=\"fusion-separator\" style=\"align-self: center;margin-left: auto;margin-right: auto;margin-top:16px;margin-bottom:36px;width:100%;max-width:24%;\"><div class=\"fusion-separator-border sep-single\" style=\"border-color:var(--awb-color6);border-top-width:2px;\"><\/div><\/div><div class=\"fusion-text fusion-text-2\" style=\"text-align:justify;color:var(--awb-color1);\"><p style=\"text-align: left;\">Le bureau d\u2019\u00e9tudes SISTA a d\u00e9velopp\u00e9 un savoir-faire reconnu par ses clients dans les diff\u00e9rents domaines d\u2019intervention. La compl\u00e9mentarit\u00e9 et l\u2019\u00e9quilibre recherch\u00e9 entre les trois m\u00e9tiers (Syst\u00e8mes d\u2019information, Statistiques et S&amp;E) a assur\u00e9 la r\u00e9ussite du bureau d\u2019\u00e9tudes et par cela a garanti \u00e0 nos clients des prestations de qualit\u00e9 satisfaisante. N\u00e9 dans un milieu concurrentiel, le bureau SISTA gr\u00e2ce \u00e0 l\u2019exp\u00e9rience cumul\u00e9e de ces membres fondateurs a pu trouver rapidement sa place dans le monde de consultance. La concentration des outils de suivi, de pilotage et de statistique au sein d\u2019une m\u00eame entit\u00e9 doit aboutir \u00e0 une meilleure utilisation de ceux-ci, chacun \u00e9tant pr\u00e9cis\u00e9 dans ses contenus et ses objectifs. Le regroupement de comp\u00e9tences l\u2019int\u00e9gration des outils et techniques modernes informatiques compl\u00e9mentaires a permis d\u2019envisager plusieurs objectifs principaux pour SISTA :<\/p>\n<p style=\"text-align: left;\">\u2013 Assurer \u00e0 tous nos partenaires une logistique de qualit\u00e9 \u00e9gale sur tous les sites.<br \/>\u2013 Intervenir comme assistance technique et m\u00e9thodologique en qualit\u00e9 de prestataire de service.<br \/>\u2013 Assumer la ma\u00eetrise d\u2019ouvrage des grands projets d\u2019informatisation des services dans un cadre coh\u00e9rent et \u00e9volutif.<br \/>\u2013 La maitrise de la chaine de production de l\u2019information (Plans de sondage, Collecte des donn\u00e9es , Plan d\u2019analyse, Formation des \u00e9quipes, Plans d\u00e9ploiement, Traitement et analyse de donn\u00e9es \u2026 etc).<br \/>Aujourduit, notre exp\u00e9rience, le r\u00e9seau de relations tiss\u00e9es \u00e0 la faveur de notre engagement nous permettent d\u2019\u00eatre encore plus proche des pr\u00e9occupations de nos clients et de garantir la qualit\u00e9 de nos prestations.<\/p>\n<\/div><div class=\"fusion-separator\" style=\"align-self: center;margin-left: auto;margin-right: auto;margin-bottom:20px;width:100%;max-width:24%;\"><\/div><div style=\"text-align:center;\"><style>.fusion-button.button-1{border-radius:2px 2px 2px 2px;}<\/style><a class=\"fusion-button button-flat fusion-button-default-size button-default button-1 fusion-button-span-no fusion-button-default-type\" target=\"_self\" href=\"https:\/\/sistaconsult.com\/contact\/\"><span class=\"fusion-button-text\">NOUS CONTACTER<\/span><\/a><\/div><\/div><style type=\"text\/css\">.fusion-body .fusion-builder-column-1{width:100% !important;margin-top : 80px;margin-bottom : 60px;}.fusion-builder-column-1 > .fusion-column-wrapper {padding-top : 0px !important;padding-right : 0px !important;margin-right : 1.92%;padding-bottom : 0px !important;padding-left : 0px !important;margin-left : 1.92%;}@media only screen and (max-width:1000px) {.fusion-body .fusion-builder-column-1{width:100% !important;}.fusion-builder-column-1 > .fusion-column-wrapper {margin-right : 1.92%;margin-left : 1.92%;}}@media only screen and (max-width:640px) {.fusion-body .fusion-builder-column-1{width:100% !important;}.fusion-builder-column-1 > .fusion-column-wrapper {margin-right : 1.92%;margin-left : 1.92%;}}<\/style><\/div><\/div><style type=\"text\/css\">.fusion-body .fusion-flex-container.fusion-builder-row-2{ padding-top : 40px;margin-top : 0px;padding-right : 0px;padding-bottom : 70px;margin-bottom : 0px;padding-left : 0px;}<\/style><\/div><div class=\"fusion-bg-parallax\" data-bg-align=\"center bottom\" data-direction=\"down\" data-mute=\"false\" data-opacity=\"100\" data-velocity=\"-0.6\" data-mobile-enabled=\"false\" data-break_parents=\"0\" data-bg-image=\"https:\/\/sistaconsult.com\/wp-content\/uploads\/2018\/02\/work-bg.jpg\" data-bg-repeat=\"false\" data-bg-color=\"var(--awb-color2)\" ><\/div><div class=\"fusion-fullwidth fullwidth-box fusion-builder-row-3 fusion-flex-container fusion-parallax-down nonhundred-percent-fullwidth non-hundred-percent-height-scrolling lazyload\" style=\"background-color: var(--awb-color2);background-position: center bottom;background-repeat: no-repeat;border-width: 0px 0px 0px 0px;border-color:var(--awb-color2);border-style:solid;-webkit-background-size:cover;-moz-background-size:cover;-o-background-size:cover;background-size:cover;\" data-bg=\"https:\/\/sistaconsult.com\/wp-content\/uploads\/2018\/02\/work-bg.jpg\" ><div class=\"fusion-builder-row fusion-row fusion-flex-align-items-flex-start fusion-flex-justify-content-center\" style=\"max-width:calc( 1180px + 0px );margin-left: calc(-0px \/ 2 );margin-right: calc(-0px \/ 2 );\"><div class=\"fusion-layout-column fusion_builder_column fusion-builder-column-2 fusion_builder_column_5_6 5_6 fusion-flex-column\"><div class=\"fusion-column-wrapper fusion-flex-justify-content-flex-start fusion-content-layout-column\" style=\"background-position:left top;background-repeat:no-repeat;-webkit-background-size:cover;-moz-background-size:cover;-o-background-size:cover;background-size:cover;padding: 0px 0px 0px 0px;\"><div class=\"fusion-separator\" style=\"align-self: center;margin-left: auto;margin-right: auto;margin-bottom:20px;width:100%;max-width:24%;\"><\/div><style type=\"text\/css\">@media only screen and (max-width:1000px) {.fusion-title.fusion-title-3{margin-top:40px!important; margin-right:0px!important;margin-bottom:15px!important;margin-left:0px!important;}}@media only screen and (max-width:640px) {.fusion-title.fusion-title-3{margin-top:0px!important; margin-right:0px!important;margin-bottom:20px!important; margin-left:0px!important;}}<\/style><div class=\"fusion-title title fusion-title-3 fusion-sep-none fusion-title-center fusion-title-text fusion-title-size-two\" style=\"margin-top:40px;margin-right:0px;margin-bottom:15px;margin-left:0px;\"><h2 class=\"title-heading-center fusion-responsive-typography-calculated\" style=\"margin:0;--fontSize:44;line-height:var(--awb-typography1-line-height);\">ORGANIGRAMME SISTA<\/h2><\/div><div class=\"fusion-separator\" style=\"align-self: center;margin-left: auto;margin-right: auto;margin-top:16px;margin-bottom:36px;width:100%;max-width:24%;\"><div class=\"fusion-separator-border sep-single\" style=\"border-color:var(--awb-color6);border-top-width:2px;\"><\/div><\/div><div ><span class=\" fusion-imageframe imageframe-none imageframe-1 hover-type-none\"><img decoding=\"async\" width=\"2737\" height=\"1703\" title=\"Organigramme_Plan\" src=\"https:\/\/sistaconsult.com\/wp-content\/uploads\/2022\/06\/Organigramme_Plan-de-travail-1-1.png\" data-orig-src=\"https:\/\/sistaconsult.com\/wp-content\/uploads\/2022\/06\/Organigramme_Plan-de-travail-1-1.png\" alt class=\"lazyload img-responsive wp-image-2223\" srcset=\"data:image\/svg+xml,%3Csvg%20xmlns%3D%27http%3A%2F%2Fwww.w3.org%2F2000%2Fsvg%27%20width%3D%272737%27%20height%3D%271703%27%20viewBox%3D%270%200%202737%201703%27%3E%3Crect%20width%3D%272737%27%20height%3D%271703%27%20fill-opacity%3D%220%22%2F%3E%3C%2Fsvg%3E\" data-srcset=\"https:\/\/sistaconsult.com\/wp-content\/uploads\/2022\/06\/Organigramme_Plan-de-travail-1-1-200x124.png 200w, https:\/\/sistaconsult.com\/wp-content\/uploads\/2022\/06\/Organigramme_Plan-de-travail-1-1-400x249.png 400w, https:\/\/sistaconsult.com\/wp-content\/uploads\/2022\/06\/Organigramme_Plan-de-travail-1-1-600x373.png 600w, https:\/\/sistaconsult.com\/wp-content\/uploads\/2022\/06\/Organigramme_Plan-de-travail-1-1-800x498.png 800w, https:\/\/sistaconsult.com\/wp-content\/uploads\/2022\/06\/Organigramme_Plan-de-travail-1-1-1200x747.png 1200w, https:\/\/sistaconsult.com\/wp-content\/uploads\/2022\/06\/Organigramme_Plan-de-travail-1-1.png 2737w\" data-sizes=\"auto\" data-orig-sizes=\"(max-width: 1000px) 100vw, (max-width: 640px) 100vw, 1200px\" \/><\/span><\/div><\/div><style type=\"text\/css\">.fusion-body .fusion-builder-column-2{width:83.333333333333% !important;margin-top : 15px;margin-bottom : 2%;}.fusion-builder-column-2 > .fusion-column-wrapper {padding-top : 0px !important;padding-right : 0px !important;margin-right : 0px;padding-bottom : 0px !important;padding-left : 0px !important;margin-left : 0px;}@media only screen and (max-width:1000px) {.fusion-body .fusion-builder-column-2{width:100% !important;}.fusion-builder-column-2 > .fusion-column-wrapper {margin-right : 0px;margin-left : 0px;}}@media only screen and (max-width:640px) {.fusion-body .fusion-builder-column-2{width:100% !important;}.fusion-builder-column-2 > .fusion-column-wrapper {margin-right : 0px;margin-left : 0px;}}<\/style><\/div><\/div><style type=\"text\/css\">.fusion-body .fusion-flex-container.fusion-builder-row-3{ padding-top : 70px;margin-top : 0px;padding-right : 0px;padding-bottom : 50px;margin-bottom : 0px;padding-left : 0px;}<\/style><\/div><\/p>\n","protected":false},"excerpt":{"rendered":"","protected":false},"author":3,"featured_media":0,"parent":0,"menu_order":0,"comment_status":"closed","ping_status":"closed","template":"100-width.php","meta":{"om_disable_all_campaigns":false,"_themeisle_gutenberg_block_has_review":false,"footnotes":""},"class_list":["post-16","page","type-page","status-publish","hentry"],"_links":{"self":[{"href":"https:\/\/sistaconsult.com\/index.php?rest_route=\/wp\/v2\/pages\/16","targetHints":{"allow":["GET"]}}],"collection":[{"href":"https:\/\/sistaconsult.com\/index.php?rest_route=\/wp\/v2\/pages"}],"about":[{"href":"https:\/\/sistaconsult.com\/index.php?rest_route=\/wp\/v2\/types\/page"}],"author":[{"embeddable":true,"href":"https:\/\/sistaconsult.com\/index.php?rest_route=\/wp\/v2\/users\/3"}],"replies":[{"embeddable":true,"href":"https:\/\/sistaconsult.com\/index.php?rest_route=%2Fwp%2Fv2%2Fcomments&post=16"}],"version-history":[{"count":14,"href":"https:\/\/sistaconsult.com\/index.php?rest_route=\/wp\/v2\/pages\/16\/revisions"}],"predecessor-version":[{"id":4167,"href":"https:\/\/sistaconsult.com\/index.php?rest_route=\/wp\/v2\/pages\/16\/revisions\/4167"}],"wp:attachment":[{"href":"https:\/\/sistaconsult.com\/index.php?rest_route=%2Fwp%2Fv2%2Fmedia&parent=16"}],"curies":[{"name":"wp","href":"https:\/\/api.w.org\/{rel}","templated":true}]}}